{"id":7244,"date":"2022-01-25T15:32:13","date_gmt":"2022-01-25T15:32:13","guid":{"rendered":"https:\/\/mconcursal.beta.entorno.es\/contacto\/"},"modified":"2022-03-30T14:44:36","modified_gmt":"2022-03-30T14:44:36","slug":"contacto","status":"publish","type":"page","link":"https:\/\/mconcursal.beta.entorno.es\/ca\/contacto\/","title":{"rendered":"Contacto"},"content":{"rendered":"<p>[et_pb_section fb_built=&#8221;1&#8243; fullwidth=&#8221;on&#8221; _builder_version=&#8221;4.15.1&#8243; _module_preset=&#8221;default&#8221; background_image=&#8221;https:\/\/mconcursal.beta.entorno.es\/wp-content\/uploads\/2022\/03\/justice.jpg&#8221; hover_enabled=&#8221;0&#8243; global_colors_info=&#8221;{}&#8221; title_text=&#8221;justice&#8221; sticky_enabled=&#8221;0&#8243;][et_pb_fullwidth_header title=&#8221;Contacto&#8221; admin_label=&#8221;Equipo&#8221; _builder_version=&#8221;4.15.1&#8243; _module_preset=&#8221;default&#8221; title_text_align=&#8221;center&#8221; title_font_size=&#8221;60px&#8221; background_color=&#8221;RGBA(255,255,255,0)&#8221; custom_margin=&#8221;||10px||false|false&#8221; custom_padding=&#8221;76px||70px||false|false&#8221; global_colors_info=&#8221;{}&#8221;][\/et_pb_fullwidth_header][\/et_pb_section][et_pb_section fb_built=&#8221;1&#8243; admin_label=&#8221;Contact&#8221; _builder_version=&#8221;4.15&#8243; custom_margin=&#8221;||0px||false|false&#8221; custom_padding=&#8221;||0px||false|false&#8221; custom_css_before=&#8221;margin-top: 0px!important;&#8221; custom_css_main_element=&#8221;margin-top: 0px!important;&#8221; global_colors_info=&#8221;{}&#8221;][et_pb_row column_structure=&#8221;1_2,1_2&#8243; custom_padding_last_edited=&#8221;on|phone&#8221; _builder_version=&#8221;4.15&#8243; background_color=&#8221;RGBA(255,255,255,0)&#8221; custom_margin=&#8221;-45px|auto||auto||&#8221; custom_margin_tablet=&#8221;0px||0px||false|false&#8221; custom_margin_phone=&#8221;|||&#8221; custom_margin_last_edited=&#8221;on|tablet&#8221; custom_padding=&#8221;0px|0%|0px|0%|true|true&#8221; custom_padding_tablet=&#8221;|50px||50px||true&#8221; custom_padding_phone=&#8221;0px|24px|0px|24px|true|true&#8221; animation_style=&#8221;zoom&#8221; animation_intensity_zoom=&#8221;2%&#8221; custom_css_before=&#8221;margin-top: 0px!important;&#8221; custom_css_main_element=&#8221;margin-top: 0px!important;&#8221; box_shadow_style=&#8221;preset3&#8243; box_shadow_vertical=&#8221;100px&#8221; box_shadow_blur=&#8221;100px&#8221; box_shadow_spread=&#8221;-60px&#8221; global_colors_info=&#8221;{}&#8221;][et_pb_column type=&#8221;1_2&#8243; _builder_version=&#8221;4.15&#8243; custom_padding=&#8221;|||&#8221; global_colors_info=&#8221;{}&#8221; custom_padding__hover=&#8221;|||&#8221;][dvppl_cf7_styler button_alignment=&#8221;center&#8221; cf7=&#8221;38&#8243; form_background_color=&#8221;rgba(155,75,0,0.58)&#8221; _builder_version=&#8221;4.15.1&#8243; _module_preset=&#8221;default&#8221; form_field_font_text_color=&#8221;#000000&#8243; labels_text_color=&#8221;#000000&#8243; labels_font_size=&#8221;16px&#8221; placeholder_text_color=&#8221;#000000&#8243; placeholder_font_size=&#8221;16px&#8221; custom_submit_button=&#8221;on&#8221; submit_button_text_color=&#8221;#FFFFFF&#8221; submit_button_bg_color=&#8221;#9b4b00&#8243; submit_button_border_color=&#8221;#FFFFFF&#8221; submit_button_border_radius=&#8221;30px&#8221; submit_button_font=&#8221;|700|||||||&#8221; submit_button_custom_padding=&#8221;15px|25px|15px|25px|true|true&#8221; border_color_all=&#8221;#f8f8f8&#8243; border_color_all_field=&#8221;rgba(155,75,0,0.58)&#8221; global_colors_info=&#8221;{}&#8221;][\/dvppl_cf7_styler][et_pb_text _builder_version=&#8221;4.15&#8243; _module_preset=&#8221;default&#8221; global_colors_info=&#8221;{}&#8221;]<\/p>\n<div style=\"border: solid 1px #ff7200; padding: 1rem; font-size: 13px; text-align: justify!important;\">Al apretar el bot\u00f3n ENVIAR presto mi consentimiento para que los datos personales facilitados en este cuestionario, sean tratados por la empresa con la finalidad de contestar la consulta efectuada y enviarme la informaci\u00f3n comercial solicitada. As\u00ed mismo, declaro que he leido y acepto el aviso legal y la pol\u00edtica de privacidad de la empresa. Informamos al interesado que puede revocar el consentimiento prestado en cualquier momento, dirigi\u00e9ndose por escrito a la direcci\u00f3n facilitada por el Responsable en el AVISO LEGAL, y ejercitar sus derechos en cualquier momento, de la manera descrita en nuestra POLITICA DE PRIVACIDAD<\/div>\n<p>[\/et_pb_text][\/et_pb_column][et_pb_column type=&#8221;1_2&#8243; _builder_version=&#8221;4.15&#8243; custom_padding=&#8221;|||&#8221; global_colors_info=&#8221;{}&#8221; custom_padding__hover=&#8221;|||&#8221;][et_pb_text _builder_version=&#8221;4.15.1&#8243; text_font=&#8221;||||||||&#8221; text_font_size=&#8221;16px&#8221; text_line_height=&#8221;1.8em&#8221; link_font=&#8221;||||||||&#8221; link_text_color=&#8221;#ffffff&#8221; ul_font=&#8221;||||||||&#8221; ol_font=&#8221;||||||||&#8221; quote_font=&#8221;||||||||&#8221; header_font=&#8221;||||||||&#8221; header_font_size=&#8221;40px&#8221; header_2_font=&#8221;Playfair Display|700|||||||&#8221; header_2_font_size=&#8221;40px&#8221; header_2_line_height=&#8221;1.5em&#8221; header_3_font=&#8221;||||||||&#8221; header_4_font=&#8221;Lato|700|||||||&#8221; header_4_font_size=&#8221;16px&#8221; header_4_line_height=&#8221;1.5em&#8221; header_5_font=&#8221;||||||||&#8221; header_6_font=&#8221;||||||||&#8221; custom_margin=&#8221;|||&#8221; custom_padding=&#8221;20px||||false|false&#8221; header_font_size_tablet=&#8221;30px&#8221; header_font_size_phone=&#8221;24px&#8221; header_font_size_last_edited=&#8221;on|phone&#8221; header_2_font_size_tablet=&#8221;30px&#8221; header_2_font_size_phone=&#8221;&#8221; header_2_font_size_last_edited=&#8221;on|tablet&#8221; locked=&#8221;off&#8221; global_colors_info=&#8221;{}&#8221;]<\/p>\n<h3>AST ASSESSORS EMPRESARIALS<\/h3>\n<p><strong>Especialistas en la Ley de la Segunda Oportunidad<\/strong><br \/>\nPla\u00e7a Catalunya, 14, 2n C-D, 17004 (Girona)<br \/>\nEmail: <a href=\"mailto:segundaoportunidad@grn.es\" style=\"color: #9b4b00!important;\">segundaoportunidad@grn.es<\/a><br \/>\nTel: <a href=\"tel:697485749\" style=\"color: #9b4b00!important;\">697 48 57 49<\/a><br \/>\nTel: <a href=\"tel:872091811\" style=\"color: #9b4b00!important;\">872 09 18 11<\/a><br \/>\nS\u00edguenos en Facebook: <a href=\"https:\/\/www.facebook.com\/SEGUNDAOPORTUNIDADGIRONA\/\" target=\"_blank\" rel=\"noopener\" style=\"color: #9b4b00!important;\"><strong>AST ASSESSORS<\/strong><\/a><br \/>\nS\u00edguenos en Instagram: <a href=\"https:\/\/www.instagram.com\/astassessors\/\" target=\"_blank\" rel=\"noopener\" style=\"color: #9b4b00!important;\"><strong>@astassessors<\/strong><\/a>[\/et_pb_text][et_pb_image src=&#8221;https:\/\/mconcursal.beta.entorno.es\/wp-content\/uploads\/2022\/03\/edifici-oficina-1.jpg&#8221; title_text=&#8221;edifici-oficina&#8221; _builder_version=&#8221;4.15.1&#8243; _module_preset=&#8221;default&#8221; width=&#8221;89%&#8221; global_colors_info=&#8221;{}&#8221;][\/et_pb_image][\/et_pb_column][\/et_pb_row][et_pb_row _builder_version=&#8221;4.15.1&#8243; _module_preset=&#8221;default&#8221; global_colors_info=&#8221;{}&#8221;][et_pb_column type=&#8221;4_4&#8243; _builder_version=&#8221;4.15.1&#8243; _module_preset=&#8221;default&#8221; global_colors_info=&#8221;{}&#8221;][et_pb_code admin_label=&#8221;C\u00f3digo&#8221; _builder_version=&#8221;4.15&#8243; _module_preset=&#8221;default&#8221; custom_padding=&#8221;0px||0px||false|false&#8221; global_colors_info=&#8221;{}&#8221;]<iframe src=\"https:\/\/www.google.com\/maps\/embed?pb=!1m18!1m12!1m3!1d2965.883230522301!2d2.8216894154443697!3d41.981316779214055!2m3!1f0!2f0!3f0!3m2!1i1024!2i768!4f13.1!3m3!1m2!1s0x12bae74b5ca5a51d%3A0x814c4d1b01d26eec!2sAst%20Assessors%20(Ley%20Segunda%20Oportunidad)!5e0!3m2!1ses!2ses!4v1643290227558!5m2!1ses!2ses\" style=\"border:0; width:100%; height:400px;\" allowfullscreen=\"\" loading=\"lazy\"><\/iframe>[\/et_pb_code][\/et_pb_column][\/et_pb_row][\/et_pb_section][et_pb_section fb_built=&#8221;1&#8243; _builder_version=&#8221;4.15&#8243; _module_preset=&#8221;default&#8221; global_colors_info=&#8221;{}&#8221;][et_pb_row _builder_version=&#8221;4.15&#8243; _module_preset=&#8221;default&#8221; global_colors_info=&#8221;{}&#8221;][et_pb_column type=&#8221;4_4&#8243; _builder_version=&#8221;4.15&#8243; _module_preset=&#8221;default&#8221; global_colors_info=&#8221;{}&#8221;][et_pb_text _builder_version=&#8221;4.15.1&#8243; _module_preset=&#8221;default&#8221; header_2_font_size=&#8221;32px&#8221; global_colors_info=&#8221;{}&#8221;]<\/p>\n<h2 style=\"text-align: center;\"><strong>Colaboradores<\/strong><\/h2>\n<p>[\/et_pb_text][\/et_pb_column][\/et_pb_row][et_pb_row column_structure=&#8221;1_2,1_2&#8243; _builder_version=&#8221;4.15&#8243; _module_preset=&#8221;default&#8221; global_colors_info=&#8221;{}&#8221;][et_pb_column type=&#8221;1_2&#8243; module_class=&#8221;colaborador&#8221; _builder_version=&#8221;4.15&#8243; _module_preset=&#8221;default&#8221; global_colors_info=&#8221;{}&#8221;][et_pb_text _builder_version=&#8221;4.15&#8243; _module_preset=&#8221;default&#8221; global_colors_info=&#8221;{}&#8221;]<\/p>\n<h3>CARLOS LINARES LOPEZ<\/h3>\n<p>C\/Blanc, 2-2\u00aa<br \/>\n17600 Figueres<br \/>\nGirona[\/et_pb_text][et_pb_code _builder_version=&#8221;4.15&#8243; _module_preset=&#8221;default&#8221; global_colors_info=&#8221;{}&#8221;]<iframe src=\"https:\/\/www.google.com\/maps\/embed?pb=!1m18!1m12!1m3!1d2952.557714730038!2d2.961077215453348!3d42.2666167791934!2m3!1f0!2f0!3f0!3m2!1i1024!2i768!4f13.1!3m3!1m2!1s0x0%3A0xfbd6d15c850ba3bd!2zNDLCsDE1JzU5LjgiTiAywrA1Nyc0Ny44IkU!5e0!3m2!1ses!2ses!4v1648127033373!5m2!1ses!2ses\" style=\"border:0; width:100%; height:300px;\" allowfullscreen=\"\" loading=\"lazy\"><\/iframe>[\/et_pb_code][\/et_pb_column][et_pb_column type=&#8221;1_2&#8243; module_class=&#8221;colaborador&#8221; _builder_version=&#8221;4.15&#8243; _module_preset=&#8221;default&#8221; global_colors_info=&#8221;{}&#8221;][et_pb_text _builder_version=&#8221;4.15&#8243; _module_preset=&#8221;default&#8221; global_colors_info=&#8221;{}&#8221;]<\/p>\n<h3>INTEGRAL 21, S.L.<\/h3>\n<p>Gran Via Pau Casals, 253<br \/>\n17480 &#8211; Roses<br \/>\nGirona[\/et_pb_text][et_pb_code _builder_version=&#8221;4.15&#8243; _module_preset=&#8221;default&#8221; global_colors_info=&#8221;{}&#8221;]<iframe src=\"https:\/\/www.google.com\/maps\/embed?pb=!1m18!1m12!1m3!1d2952.502157799634!2d3.1731693154533773!3d42.26780297919314!2m3!1f0!2f0!3f0!3m2!1i1024!2i768!4f13.1!3m3!1m2!1s0x12ba61545ed6b41b%3A0x214691bf910591f6!2sGran%20Via%20de%20Pau%20Casals%2C%20253%2C%2017480%20Roses%2C%20Girona!5e0!3m2!1ses!2ses!4v1648127131497!5m2!1ses!2ses\" style=\"border:0; width:100%; height:300px;\" allowfullscreen=\"\" loading=\"lazy\"><\/iframe>[\/et_pb_code][\/et_pb_column][\/et_pb_row][et_pb_row column_structure=&#8221;1_2,1_2&#8243; _builder_version=&#8221;4.15&#8243; _module_preset=&#8221;default&#8221; global_colors_info=&#8221;{}&#8221;][et_pb_column type=&#8221;1_2&#8243; module_class=&#8221;colaborador&#8221; _builder_version=&#8221;4.15&#8243; _module_preset=&#8221;default&#8221; global_colors_info=&#8221;{}&#8221;][et_pb_text _builder_version=&#8221;4.15&#8243; _module_preset=&#8221;default&#8221; global_colors_info=&#8221;{}&#8221;]<\/p>\n<h3>SERGIO SANCHEZ MONTIEL<\/h3>\n<p>Carretera de Girona, 22 2on A 8 (Edifici Girona 22)<br \/>\n17220 Sant Feliu de Gu\u00edxols<br \/>\nGirona[\/et_pb_text][et_pb_code _builder_version=&#8221;4.15&#8243; _module_preset=&#8221;default&#8221; global_colors_info=&#8221;{}&#8221;]<iframe src=\"https:\/\/www.google.com\/maps\/embed?pb=!1m18!1m12!1m3!1d1051.8259271844286!2d3.0227324949139422!3d41.78493384805601!2m3!1f0!2f0!3f0!3m2!1i1024!2i768!4f13.1!3m3!1m2!1s0x12bb06a32851c2a1%3A0x1be1b00bca7cf496!2sEdifici%20Girona%2C%20Ctra.%20de%20Girona%2C%2022%2C%2017220%20Sant%20Feliu%20de%20Gu%C3%ADxols%2C%20Girona!5e0!3m2!1ses!2ses!4v1648126575653!5m2!1ses!2ses\" style=\"border:0; width:100%; height:300px;\" allowfullscreen=\"\" loading=\"lazy\"><\/iframe>[\/et_pb_code][\/et_pb_column][et_pb_column type=&#8221;1_2&#8243; module_class=&#8221;colaborador&#8221; _builder_version=&#8221;4.15&#8243; _module_preset=&#8221;default&#8221; global_colors_info=&#8221;{}&#8221;][et_pb_text _builder_version=&#8221;4.15&#8243; _module_preset=&#8221;default&#8221; global_colors_info=&#8221;{}&#8221;]<\/p>\n<h3>SUSANA CANE, S.L.<\/h3>\n<p>C\/Vermell, 61 Entresol A<br \/>\n17252 Sant Antoni de Calonge<br \/>\nGirona[\/et_pb_text][et_pb_code _builder_version=&#8221;4.15&#8243; _module_preset=&#8221;default&#8221; global_colors_info=&#8221;{}&#8221;]<iframe src=\"https:\/\/www.google.com\/maps\/embed?pb=!1m18!1m12!1m3!1d2972.2300806609314!2d3.0978957154401052!3d41.844874279224854!2m3!1f0!2f0!3f0!3m2!1i1024!2i768!4f13.1!3m3!1m2!1s0x12bbaa824cfa9377%3A0x65f90f56a5ec1bb6!2sCarrer%20Vermell%2C%2061%2C%2017252%20Calonge%2C%20Girona!5e0!3m2!1ses!2ses!4v1648126721284!5m2!1ses!2ses\" style=\"border:0; width:100%; height:300px;\" allowfullscreen=\"\" loading=\"lazy\"><\/iframe>[\/et_pb_code][\/et_pb_column][\/et_pb_row][\/et_pb_section]<\/p>\n","protected":false},"excerpt":{"rendered":"<p><div class=\"et_pb_with_border et_pb_module dvppl_cf7_styler dvppl_cf7_styler_0\">\n\t\t\t\t\n\t\t\t\t\n\t\t\t\t\n\t\t\t\t\n\t\t\t\t\n\t\t\t\t\n\t\t\t\t<div class=\"et_pb_module_inner\">\n\t\t\t\t\t<div class=\"dipe-cf7-container dipe-cf7-button-center\">\n\t\t\t\t\n\t\t\t\t<div class=\"dipe-cf7 dipe-cf7-styler \">\n\t\t\t\t\t\n<div class=\"wpcf7 no-js\" id=\"wpcf7-f38-o1\" lang=\"es-ES\" dir=\"ltr\" data-wpcf7-id=\"38\">\n<div class=\"screen-reader-response\"><p role=\"status\" aria-live=\"polite\" aria-atomic=\"true\"><\/p> <ul><\/ul><\/div>\n<form action=\"\/ca\/wp-json\/wp\/v2\/pages\/7244#wpcf7-f38-o1\" method=\"post\" class=\"wpcf7-form init\" aria-label=\"Formulario de contacto\" novalidate=\"novalidate\" data-status=\"init\">\n<div style=\"display: none;\">\n<input type=\"hidden\" name=\"_wpcf7\" value=\"38\" \/>\n<input type=\"hidden\" name=\"_wpcf7_version\" value=\"6.0.3\" \/>\n<input type=\"hidden\" name=\"_wpcf7_locale\" value=\"es_ES\" \/>\n<input type=\"hidden\" name=\"_wpcf7_unit_tag\" value=\"wpcf7-f38-o1\" \/>\n<input type=\"hidden\" name=\"_wpcf7_container_post\" value=\"0\" \/>\n<input type=\"hidden\" name=\"_wpcf7_posted_data_hash\" value=\"\" \/>\n<input type=\"hidden\" name=\"_wpcf7_recaptcha_response\" value=\"\" \/>\n<\/div>\n<div class=\"dfs-col dfs-col-12 dfs-col-md-4 dfs-col-lg-4\"><\/div><div class=\"dfs-row\">\n<div class=\"dfs-col dfs-col-12 dfs-col-md-6 dfs-col-lg-6\"><label><span class=\"wpcf7-form-control-wrap\" data-name=\"your-name\"><input size=\"40\" maxlength=\"400\" class=\"wpcf7-form-control wpcf7-text wpcf7-validates-as-required\" aria-required=\"true\" aria-invalid=\"false\" placeholder=\"Nombre\" value=\"\" type=\"text\" name=\"your-name\" \/><\/span> <\/label><\/div>\n\n<div class=\"dfs-col dfs-col-12 dfs-col-md-6 dfs-col-lg-6\"><label><span class=\"wpcf7-form-control-wrap\" data-name=\"tel-284\"><input size=\"40\" maxlength=\"400\" class=\"wpcf7-form-control wpcf7-tel wpcf7-text wpcf7-validates-as-tel\" aria-invalid=\"false\" placeholder=\"Tel\u00e9fono\" value=\"\" type=\"tel\" name=\"tel-284\" \/><\/span> <\/label><\/div>\n\n<div class=\"dfs-col dfs-col-12\"><label><span class=\"wpcf7-form-control-wrap\" data-name=\"your-email\"><input size=\"40\" maxlength=\"400\" class=\"wpcf7-form-control wpcf7-email wpcf7-validates-as-required wpcf7-text wpcf7-validates-as-email\" aria-required=\"true\" aria-invalid=\"false\" placeholder=\"Correo electr\u00f3nico\" value=\"\" type=\"email\" name=\"your-email\" \/><\/span> <\/label><\/div>\n\n<div class=\"dfs-col dfs-col-12\"><label><span class=\"wpcf7-form-control-wrap\" data-name=\"your-message\"><textarea cols=\"40\" rows=\"10\" maxlength=\"2000\" class=\"wpcf7-form-control wpcf7-textarea wpcf7-validates-as-required\" aria-required=\"true\" aria-invalid=\"false\" placeholder=\"Mensaje\" name=\"your-message\"><\/textarea><\/span> <\/label><\/div>\n\n<div class=\"dfs-col dfs-col-12\"><label> <span class=\"wpcf7-form-control-wrap\" data-name=\"number-162\"><input class=\"wpcf7-form-control wpcf7-number wpcf7-validates-as-required wpcf7-validates-as-number\" id=\"deuda\" aria-required=\"true\" aria-invalid=\"false\" placeholder=\"Importe de la deuda aproximado\" value=\"\" type=\"number\" name=\"number-162\" \/><\/span> <\/label><\/div>\n\n<div class=\"dfs-col dfs-col-12\"><span class=\"wpcf7-form-control-wrap\" data-name=\"acceptance-752\"><span class=\"wpcf7-form-control wpcf7-acceptance\"><span class=\"wpcf7-list-item\"><label><input type=\"checkbox\" name=\"acceptance-752\" value=\"1\" aria-invalid=\"false\" \/><span class=\"wpcf7-list-item-label\">He leido y acepto la <a href=\"\/politica-de-privacidad\" target=\"_blank\">Pol\u00edtica de Privacidad<\/a><\/span><\/label><\/span><\/span><\/span><\/div>\n\n<div class=\"dfs-col dfs-col-12 dfs-col-md-8 dfs-col-lg-8\"><\/div>\n\n<div class=\"dfs-col dfs-col-12 dfs-col-md-4 dfs-col-lg-4\"><input class=\"wpcf7-form-control wpcf7-submit has-spinner\" type=\"submit\" value=\"Enviar\" \/><\/div>\n<\/div><div class=\"wpcf7-response-output\" aria-hidden=\"true\"><\/div>\n<\/form>\n<\/div>\n\n\t\t\t\t<\/div>\n\t\t\t<\/div>\n\t\t\t\t<\/div>\n\t\t\t<\/div>Al apretar el bot\u00f3n ENVIAR presto mi consentimiento para que los datos personales facilitados en este cuestionario, sean tratados por la empresa con la finalidad de contestar la consulta efectuada y enviarme la informaci\u00f3n comercial [&hellip;]<\/p>\n","protected":false},"author":1,"featured_media":0,"parent":0,"menu_order":0,"comment_status":"closed","ping_status":"closed","template":"","meta":{"_et_pb_use_builder":"on","_et_pb_old_content":"","_et_gb_content_width":"","footnotes":""},"class_list":["post-7244","page","type-page","status-publish","hentry"],"yoast_head":"<!-- This site is optimized with the Yoast SEO plugin v24.4 - https:\/\/yoast.com\/wordpress\/plugins\/seo\/ -->\n<title>Contacto - AST Assessors Empresarials<\/title>\n<meta name=\"robots\" content=\"noindex, follow, max-snippet:-1, max-image-preview:large, max-video-preview:-1\" \/>\n<meta property=\"og:locale\" content=\"ca_ES\" \/>\n<meta property=\"og:type\" content=\"article\" \/>\n<meta property=\"og:title\" content=\"Contacto - AST Assessors Empresarials\" \/>\n<meta property=\"og:description\" content=\"Al apretar el bot\u00f3n ENVIAR presto mi consentimiento para que los datos personales facilitados en este cuestionario, sean tratados por la empresa con la finalidad de contestar la consulta efectuada y enviarme la informaci\u00f3n comercial [&hellip;]\" \/>\n<meta property=\"og:url\" content=\"https:\/\/mconcursal.beta.entorno.es\/ca\/contacto\/\" \/>\n<meta property=\"og:site_name\" content=\"AST Assessors Empresarials\" \/>\n<meta property=\"article:modified_time\" content=\"2022-03-30T14:44:36+00:00\" \/>\n<meta name=\"twitter:card\" content=\"summary_large_image\" \/>\n<meta name=\"twitter:label1\" content=\"Temps estimat de lectura\" \/>\n\t<meta name=\"twitter:data1\" content=\"5 minuts\" \/>\n<script type=\"application\/ld+json\" class=\"yoast-schema-graph\">{\"@context\":\"https:\/\/schema.org\",\"@graph\":[{\"@type\":\"WebPage\",\"@id\":\"https:\/\/mconcursal.beta.entorno.es\/ca\/contacto\/\",\"url\":\"https:\/\/mconcursal.beta.entorno.es\/ca\/contacto\/\",\"name\":\"Contacto - AST Assessors Empresarials\",\"isPartOf\":{\"@id\":\"https:\/\/mconcursal.beta.entorno.es\/ca\/#website\"},\"datePublished\":\"2022-01-25T15:32:13+00:00\",\"dateModified\":\"2022-03-30T14:44:36+00:00\",\"breadcrumb\":{\"@id\":\"https:\/\/mconcursal.beta.entorno.es\/ca\/contacto\/#breadcrumb\"},\"inLanguage\":\"ca\",\"potentialAction\":[{\"@type\":\"ReadAction\",\"target\":[\"https:\/\/mconcursal.beta.entorno.es\/ca\/contacto\/\"]}]},{\"@type\":\"BreadcrumbList\",\"@id\":\"https:\/\/mconcursal.beta.entorno.es\/ca\/contacto\/#breadcrumb\",\"itemListElement\":[{\"@type\":\"ListItem\",\"position\":1,\"name\":\"Portada\",\"item\":\"https:\/\/mconcursal.beta.entorno.es\/ca\/\"},{\"@type\":\"ListItem\",\"position\":2,\"name\":\"Contacto\"}]},{\"@type\":\"WebSite\",\"@id\":\"https:\/\/mconcursal.beta.entorno.es\/ca\/#website\",\"url\":\"https:\/\/mconcursal.beta.entorno.es\/ca\/\",\"name\":\"AST Assessors Empresarials\",\"description\":\"Mediaci\u00f3n concursl\",\"potentialAction\":[{\"@type\":\"SearchAction\",\"target\":{\"@type\":\"EntryPoint\",\"urlTemplate\":\"https:\/\/mconcursal.beta.entorno.es\/ca\/?s={search_term_string}\"},\"query-input\":{\"@type\":\"PropertyValueSpecification\",\"valueRequired\":true,\"valueName\":\"search_term_string\"}}],\"inLanguage\":\"ca\"}]}<\/script>\n<!-- \/ Yoast SEO plugin. -->","yoast_head_json":{"title":"Contacto - AST Assessors Empresarials","robots":{"index":"noindex","follow":"follow","max-snippet":"max-snippet:-1","max-image-preview":"max-image-preview:large","max-video-preview":"max-video-preview:-1"},"og_locale":"ca_ES","og_type":"article","og_title":"Contacto - AST Assessors Empresarials","og_description":"Al apretar el bot\u00f3n ENVIAR presto mi consentimiento para que los datos personales facilitados en este cuestionario, sean tratados por la empresa con la finalidad de contestar la consulta efectuada y enviarme la informaci\u00f3n comercial [&hellip;]","og_url":"https:\/\/mconcursal.beta.entorno.es\/ca\/contacto\/","og_site_name":"AST Assessors Empresarials","article_modified_time":"2022-03-30T14:44:36+00:00","twitter_card":"summary_large_image","twitter_misc":{"Temps estimat de lectura":"5 minuts"},"schema":{"@context":"https:\/\/schema.org","@graph":[{"@type":"WebPage","@id":"https:\/\/mconcursal.beta.entorno.es\/ca\/contacto\/","url":"https:\/\/mconcursal.beta.entorno.es\/ca\/contacto\/","name":"Contacto - AST Assessors Empresarials","isPartOf":{"@id":"https:\/\/mconcursal.beta.entorno.es\/ca\/#website"},"datePublished":"2022-01-25T15:32:13+00:00","dateModified":"2022-03-30T14:44:36+00:00","breadcrumb":{"@id":"https:\/\/mconcursal.beta.entorno.es\/ca\/contacto\/#breadcrumb"},"inLanguage":"ca","potentialAction":[{"@type":"ReadAction","target":["https:\/\/mconcursal.beta.entorno.es\/ca\/contacto\/"]}]},{"@type":"BreadcrumbList","@id":"https:\/\/mconcursal.beta.entorno.es\/ca\/contacto\/#breadcrumb","itemListElement":[{"@type":"ListItem","position":1,"name":"Portada","item":"https:\/\/mconcursal.beta.entorno.es\/ca\/"},{"@type":"ListItem","position":2,"name":"Contacto"}]},{"@type":"WebSite","@id":"https:\/\/mconcursal.beta.entorno.es\/ca\/#website","url":"https:\/\/mconcursal.beta.entorno.es\/ca\/","name":"AST Assessors Empresarials","description":"Mediaci\u00f3n concursl","potentialAction":[{"@type":"SearchAction","target":{"@type":"EntryPoint","urlTemplate":"https:\/\/mconcursal.beta.entorno.es\/ca\/?s={search_term_string}"},"query-input":{"@type":"PropertyValueSpecification","valueRequired":true,"valueName":"search_term_string"}}],"inLanguage":"ca"}]}},"_links":{"self":[{"href":"https:\/\/mconcursal.beta.entorno.es\/ca\/wp-json\/wp\/v2\/pages\/7244","targetHints":{"allow":["GET"]}}],"collection":[{"href":"https:\/\/mconcursal.beta.entorno.es\/ca\/wp-json\/wp\/v2\/pages"}],"about":[{"href":"https:\/\/mconcursal.beta.entorno.es\/ca\/wp-json\/wp\/v2\/types\/page"}],"author":[{"embeddable":true,"href":"https:\/\/mconcursal.beta.entorno.es\/ca\/wp-json\/wp\/v2\/users\/1"}],"replies":[{"embeddable":true,"href":"https:\/\/mconcursal.beta.entorno.es\/ca\/wp-json\/wp\/v2\/comments?post=7244"}],"version-history":[{"count":1,"href":"https:\/\/mconcursal.beta.entorno.es\/ca\/wp-json\/wp\/v2\/pages\/7244\/revisions"}],"predecessor-version":[{"id":7245,"href":"https:\/\/mconcursal.beta.entorno.es\/ca\/wp-json\/wp\/v2\/pages\/7244\/revisions\/7245"}],"wp:attachment":[{"href":"https:\/\/mconcursal.beta.entorno.es\/ca\/wp-json\/wp\/v2\/media?parent=7244"}],"curies":[{"name":"wp","href":"https:\/\/api.w.org\/{rel}","templated":true}]}}